{"id":811,"date":"2016-06-25T19:15:08","date_gmt":"2016-06-25T17:15:08","guid":{"rendered":"http:\/\/from.hr\/pavle-hegedus\/?page_id=811"},"modified":"2019-06-23T14:16:06","modified_gmt":"2019-06-23T12:16:06","slug":"blic","status":"publish","type":"page","link":"http:\/\/pavle-hegedus.from.hr\/?page_id=811","title":{"rendered":"Krajolici \/ Landscapes"},"content":{"rendered":"\n<div class=\"ngg-galleryoverview ngg-template-caption\" id=\"ngg-gallery-24b27beef2b6f8946740541c605a21d7-811\">\n\n\t<!-- Slideshow link -->\n\t<div class=\"slideshowlink\">\n\t\t<a class=\"slideshowlink\" href=\"http:\/\/pavle-hegedus.from.hr\/index.php\/nggallery\/slideshow?page_id=811\">\n\t\t\t[Show slideshow]\t\t<\/a>\n\t<\/div>\n\n\t<!-- Thumbnails -->\n    \t\t\n\t<div id=\"ngg-image-64\" class=\"ngg-gallery-thumbnail-box\"  >\n\t\t<div class=\"ngg-gallery-thumbnail\" >\n\t\t\t<a href=\"http:\/\/pavle-hegedus.from.hr\/wp-content\/uploads\/sites\/976\/nggallery\/blic\/047_ab.jpg\"\n               title=\"Pavle Hegedu\u0161. Baranja, Kopa\u010dki rit 01; ulje na platnu, 70 x 60 cm, 2011. Pavle Hegedu\u0161. Baranja, Kopa\u010dki rit Nature Park 01; oil on canvas, 70 x 60 cm, 2011\"\n               class=\"ngg-fancybox\" rel=\"24b27beef2b6f8946740541c605a21d7\" data-image-id=\"64\" data-src=\"http:\/\/pavle-hegedus.from.hr\/wp-content\/uploads\/sites\/976\/nggallery\/blic\/047_ab.jpg\" data-thumbnail=\"http:\/\/pavle-hegedus.from.hr\/wp-content\/uploads\/sites\/976\/nggallery\/blic\/thumbs\/thumbs_047_ab.jpg\" data-title=\"047_ab\" data-description=\"Pavle Hegedu\u0161. Baranja, Kopa\u010dki rit 01; ulje na platnu, 70 x 60 cm, 2011. Pavle Hegedu\u0161. Baranja, Kopa\u010dki rit Nature Park 01; oil on canvas, 70 x 60 cm, 2011\" >\n\t\t\t\t\t\t\t\t<img title=\"047_ab\" alt=\"047_ab\" src=\"http:\/\/pavle-hegedus.from.hr\/wp-content\/uploads\/sites\/976\/nggallery\/blic\/thumbs\/thumbs_047_ab.jpg\" width='240' height='160' \/>\n\t\t\t\t\t\t\t<\/a>\n\t\t\t<span>Pavle Hegedu\u0161. Baranja, Kopa\u010dki rit 01; ulje na platnu, 70 x 60 cm, 2011. Pavle Hegedu\u0161. Baranja, Kopa\u010dki rit Nature Park 01; oil on canvas, 70 x 60 cm, 2011<\/span>\n\t\t<\/div>\n\t<\/div>\n\t\t \t\t\n\t<div id=\"ngg-image-63\" class=\"ngg-gallery-thumbnail-box\"  >\n\t\t<div class=\"ngg-gallery-thumbnail\" >\n\t\t\t<a href=\"http:\/\/pavle-hegedus.from.hr\/wp-content\/uploads\/sites\/976\/nggallery\/blic\/064_bb.jpg\"\n               title=\"Pavle Hegedu\u0161. Baranja, Kopa\u010dki rit 02; ulje na platnu, 70 x 60 cm, 2011. Pavle Hegedu\u0161. Baranja, Kopa\u010dki rit Nature Park 02; oil on canvas , 70 x 60 cm, 2011\"\n               class=\"ngg-fancybox\" rel=\"24b27beef2b6f8946740541c605a21d7\" data-image-id=\"63\" data-src=\"http:\/\/pavle-hegedus.from.hr\/wp-content\/uploads\/sites\/976\/nggallery\/blic\/064_bb.jpg\" data-thumbnail=\"http:\/\/pavle-hegedus.from.hr\/wp-content\/uploads\/sites\/976\/nggallery\/blic\/thumbs\/thumbs_064_bb.jpg\" data-title=\"064_bb\" data-description=\"Pavle Hegedu\u0161. Baranja, Kopa\u010dki rit 02; ulje na platnu, 70 x 60 cm, 2011. Pavle Hegedu\u0161. Baranja, Kopa\u010dki rit Nature Park 02; oil on canvas , 70 x 60 cm, 2011\" >\n\t\t\t\t\t\t\t\t<img title=\"064_bb\" alt=\"064_bb\" src=\"http:\/\/pavle-hegedus.from.hr\/wp-content\/uploads\/sites\/976\/nggallery\/blic\/thumbs\/thumbs_064_bb.jpg\" width='240' height='160' \/>\n\t\t\t\t\t\t\t<\/a>\n\t\t\t<span>Pavle Hegedu\u0161. Baranja, Kopa\u010dki rit 02; ulje na platnu, 70 x 60 cm, 2011. Pavle Hegedu\u0161. Baranja, Kopa\u010dki rit Nature Park 02; oil on canvas , 70 x 60 cm, 2011<\/span>\n\t\t<\/div>\n\t<\/div>\n\t\t \t\t\n\t<div id=\"ngg-image-65\" class=\"ngg-gallery-thumbnail-box\"  >\n\t\t<div class=\"ngg-gallery-thumbnail\" >\n\t\t\t<a href=\"http:\/\/pavle-hegedus.from.hr\/wp-content\/uploads\/sites\/976\/nggallery\/blic\/048_bb.jpg\"\n               title=\"Pavle Hegedu\u0161. Baranja, Kopa\u010dki rit 03; ulje na platnu, 80 x 60 cm, 2011. Pavle Hegedu\u0161. Baranja, Kopa\u010dki rit Nature Park 03; oil on canvas , 80 x 60 cm, 2011\"\n               class=\"ngg-fancybox\" rel=\"24b27beef2b6f8946740541c605a21d7\" data-image-id=\"65\" data-src=\"http:\/\/pavle-hegedus.from.hr\/wp-content\/uploads\/sites\/976\/nggallery\/blic\/048_bb.jpg\" data-thumbnail=\"http:\/\/pavle-hegedus.from.hr\/wp-content\/uploads\/sites\/976\/nggallery\/blic\/thumbs\/thumbs_048_bb.jpg\" data-title=\"048_bb\" data-description=\"Pavle Hegedu\u0161. Baranja, Kopa\u010dki rit 03; ulje na platnu, 80 x 60 cm, 2011. Pavle Hegedu\u0161. Baranja, Kopa\u010dki rit Nature Park 03; oil on canvas , 80 x 60 cm, 2011\" >\n\t\t\t\t\t\t\t\t<img title=\"048_bb\" alt=\"048_bb\" src=\"http:\/\/pavle-hegedus.from.hr\/wp-content\/uploads\/sites\/976\/nggallery\/blic\/thumbs\/thumbs_048_bb.jpg\" width='240' height='160' \/>\n\t\t\t\t\t\t\t<\/a>\n\t\t\t<span>Pavle Hegedu\u0161. Baranja, Kopa\u010dki rit 03; ulje na platnu, 80 x 60 cm, 2011. Pavle Hegedu\u0161. Baranja, Kopa\u010dki rit Nature Park 03; oil on canvas , 80 x 60 cm, 2011<\/span>\n\t\t<\/div>\n\t<\/div>\n\t\t \t\t\n\t<div id=\"ngg-image-66\" class=\"ngg-gallery-thumbnail-box\"  >\n\t\t<div class=\"ngg-gallery-thumbnail\" >\n\t\t\t<a href=\"http:\/\/pavle-hegedus.from.hr\/wp-content\/uploads\/sites\/976\/nggallery\/blic\/042_bb.jpg\"\n               title=\"Pavle Hegedu\u0161. Baranja, Kopa\u010dki rit 01; ulje na platnu, 60 x 50 cm, 2012. Pavle Hegedu\u0161. Baranja, Kopa\u010dki rit Nature Park 01; oil on canvas, 60 x 50 cm, 2012\"\n               class=\"ngg-fancybox\" rel=\"24b27beef2b6f8946740541c605a21d7\" data-image-id=\"66\" data-src=\"http:\/\/pavle-hegedus.from.hr\/wp-content\/uploads\/sites\/976\/nggallery\/blic\/042_bb.jpg\" data-thumbnail=\"http:\/\/pavle-hegedus.from.hr\/wp-content\/uploads\/sites\/976\/nggallery\/blic\/thumbs\/thumbs_042_bb.jpg\" data-title=\"042_bb\" data-description=\"Pavle Hegedu\u0161. Baranja, Kopa\u010dki rit 01; ulje na platnu, 60 x 50 cm, 2012. Pavle Hegedu\u0161. Baranja, Kopa\u010dki rit Nature Park 01; oil on canvas, 60 x 50 cm, 2012\" >\n\t\t\t\t\t\t\t\t<img title=\"042_bb\" alt=\"042_bb\" src=\"http:\/\/pavle-hegedus.from.hr\/wp-content\/uploads\/sites\/976\/nggallery\/blic\/thumbs\/thumbs_042_bb.jpg\" width='240' height='160' \/>\n\t\t\t\t\t\t\t<\/a>\n\t\t\t<span>Pavle Hegedu\u0161. Baranja, Kopa\u010dki rit 01; ulje na platnu, 60 x 50 cm, 2012. Pavle Hegedu\u0161. Baranja, Kopa\u010dki rit Nature Park 01; oil on canvas, 60 x 50 cm, 2012<\/span>\n\t\t<\/div>\n\t<\/div>\n\t\t \t\t\n\t<div id=\"ngg-image-67\" class=\"ngg-gallery-thumbnail-box\"  >\n\t\t<div class=\"ngg-gallery-thumbnail\" >\n\t\t\t<a href=\"http:\/\/pavle-hegedus.from.hr\/wp-content\/uploads\/sites\/976\/nggallery\/blic\/011_abb.jpg\"\n               title=\"Pavle Hegedu\u0161. Baranja \u2013 Kopa\u010dki rit 02; ulje na platnu, 70 x 50 cm, 2012. Pavle Hegedu\u0161. Baranja, Kopa\u010dki rit Nature Park 02; oil on canvas, 70 x 50, 2012\"\n               class=\"ngg-fancybox\" rel=\"24b27beef2b6f8946740541c605a21d7\" data-image-id=\"67\" data-src=\"http:\/\/pavle-hegedus.from.hr\/wp-content\/uploads\/sites\/976\/nggallery\/blic\/011_abb.jpg\" data-thumbnail=\"http:\/\/pavle-hegedus.from.hr\/wp-content\/uploads\/sites\/976\/nggallery\/blic\/thumbs\/thumbs_011_abb.jpg\" data-title=\"011_abb\" data-description=\"Pavle Hegedu\u0161. Baranja \u2013 Kopa\u010dki rit 02; ulje na platnu, 70 x 50 cm, 2012. Pavle Hegedu\u0161. Baranja, Kopa\u010dki rit Nature Park 02; oil on canvas, 70 x 50, 2012\" >\n\t\t\t\t\t\t\t\t<img title=\"011_abb\" alt=\"011_abb\" src=\"http:\/\/pavle-hegedus.from.hr\/wp-content\/uploads\/sites\/976\/nggallery\/blic\/thumbs\/thumbs_011_abb.jpg\" width='240' height='160' \/>\n\t\t\t\t\t\t\t<\/a>\n\t\t\t<span>Pavle Hegedu\u0161. Baranja \u2013 Kopa\u010dki rit 02; ulje na platnu, 70 x 50 cm, 2012. Pavle Hegedu\u0161. Baranja, Kopa\u010dki rit Nature Park 02; oil on canvas, 70 x 50, 2012<\/span>\n\t\t<\/div>\n\t<\/div>\n\t\t \t\t\n\t<div id=\"ngg-image-68\" class=\"ngg-gallery-thumbnail-box\"  >\n\t\t<div class=\"ngg-gallery-thumbnail\" >\n\t\t\t<a href=\"http:\/\/pavle-hegedus.from.hr\/wp-content\/uploads\/sites\/976\/nggallery\/blic\/039_bb.jpg\"\n               title=\"Pavle Hegedu\u0161. Baranja, Kopa\u010dki rit 03; ulje na platnu, 65 x 50 cm, 2012. Pavle Hegedu\u0161. Baranja, Kopa\u010dki rit Nature Park 03; oil on canvas, 65 x 50 cm, 2012\"\n               class=\"ngg-fancybox\" rel=\"24b27beef2b6f8946740541c605a21d7\" data-image-id=\"68\" data-src=\"http:\/\/pavle-hegedus.from.hr\/wp-content\/uploads\/sites\/976\/nggallery\/blic\/039_bb.jpg\" data-thumbnail=\"http:\/\/pavle-hegedus.from.hr\/wp-content\/uploads\/sites\/976\/nggallery\/blic\/thumbs\/thumbs_039_bb.jpg\" data-title=\"039_bb\" data-description=\"Pavle Hegedu\u0161. Baranja, Kopa\u010dki rit 03; ulje na platnu, 65 x 50 cm, 2012. Pavle Hegedu\u0161. Baranja, Kopa\u010dki rit Nature Park 03; oil on canvas, 65 x 50 cm, 2012\" >\n\t\t\t\t\t\t\t\t<img title=\"039_bb\" alt=\"039_bb\" src=\"http:\/\/pavle-hegedus.from.hr\/wp-content\/uploads\/sites\/976\/nggallery\/blic\/thumbs\/thumbs_039_bb.jpg\" width='240' height='160' \/>\n\t\t\t\t\t\t\t<\/a>\n\t\t\t<span>Pavle Hegedu\u0161. Baranja, Kopa\u010dki rit 03; ulje na platnu, 65 x 50 cm, 2012. Pavle Hegedu\u0161. Baranja, Kopa\u010dki rit Nature Park 03; oil on canvas, 65 x 50 cm, 2012<\/span>\n\t\t<\/div>\n\t<\/div>\n\t\t \t\t\n\t<div id=\"ngg-image-69\" class=\"ngg-gallery-thumbnail-box\"  >\n\t\t<div class=\"ngg-gallery-thumbnail\" >\n\t\t\t<a href=\"http:\/\/pavle-hegedus.from.hr\/wp-content\/uploads\/sites\/976\/nggallery\/blic\/014_abb.jpg\"\n               title=\"Pavle Hegedu\u0161. Baranja, Kopa\u010dki rit 04; ulje na platnu, 70 x 50 cm, 2012. Pavle Hegedu\u0161. Baranja, Kopa\u010dki rit Nature Park 04; oil on canvas, 70 x 50 cm, 2012\"\n               class=\"ngg-fancybox\" rel=\"24b27beef2b6f8946740541c605a21d7\" data-image-id=\"69\" data-src=\"http:\/\/pavle-hegedus.from.hr\/wp-content\/uploads\/sites\/976\/nggallery\/blic\/014_abb.jpg\" data-thumbnail=\"http:\/\/pavle-hegedus.from.hr\/wp-content\/uploads\/sites\/976\/nggallery\/blic\/thumbs\/thumbs_014_abb.jpg\" data-title=\"014_abb\" data-description=\"Pavle Hegedu\u0161. Baranja, Kopa\u010dki rit 04; ulje na platnu, 70 x 50 cm, 2012. Pavle Hegedu\u0161. Baranja, Kopa\u010dki rit Nature Park 04; oil on canvas, 70 x 50 cm, 2012\" >\n\t\t\t\t\t\t\t\t<img title=\"014_abb\" alt=\"014_abb\" src=\"http:\/\/pavle-hegedus.from.hr\/wp-content\/uploads\/sites\/976\/nggallery\/blic\/thumbs\/thumbs_014_abb.jpg\" width='240' height='160' \/>\n\t\t\t\t\t\t\t<\/a>\n\t\t\t<span>Pavle Hegedu\u0161. Baranja, Kopa\u010dki rit 04; ulje na platnu, 70 x 50 cm, 2012. Pavle Hegedu\u0161. Baranja, Kopa\u010dki rit Nature Park 04; oil on canvas, 70 x 50 cm, 2012<\/span>\n\t\t<\/div>\n\t<\/div>\n\t\t \t\t\n\t<div id=\"ngg-image-70\" class=\"ngg-gallery-thumbnail-box\"  >\n\t\t<div class=\"ngg-gallery-thumbnail\" >\n\t\t\t<a href=\"http:\/\/pavle-hegedus.from.hr\/wp-content\/uploads\/sites\/976\/nggallery\/blic\/062_bb.jpg\"\n               title=\"Pavle Hegedu\u0161. Baranja, Kopa\u010dki rit 05; ulje na platnu, 70 x 50 cm, 2013. Pavle Hegedu\u0161. Baranja, Kopa\u010dki rit Nature Park 05; oil on canvas, 70 x 50 cm, 2013\"\n               class=\"ngg-fancybox\" rel=\"24b27beef2b6f8946740541c605a21d7\" data-image-id=\"70\" data-src=\"http:\/\/pavle-hegedus.from.hr\/wp-content\/uploads\/sites\/976\/nggallery\/blic\/062_bb.jpg\" data-thumbnail=\"http:\/\/pavle-hegedus.from.hr\/wp-content\/uploads\/sites\/976\/nggallery\/blic\/thumbs\/thumbs_062_bb.jpg\" data-title=\"062_bb\" data-description=\"Pavle Hegedu\u0161. Baranja, Kopa\u010dki rit 05; ulje na platnu, 70 x 50 cm, 2013. Pavle Hegedu\u0161. Baranja, Kopa\u010dki rit Nature Park 05; oil on canvas, 70 x 50 cm, 2013\" >\n\t\t\t\t\t\t\t\t<img title=\"062_bb\" alt=\"062_bb\" src=\"http:\/\/pavle-hegedus.from.hr\/wp-content\/uploads\/sites\/976\/nggallery\/blic\/thumbs\/thumbs_062_bb.jpg\" width='240' height='160' \/>\n\t\t\t\t\t\t\t<\/a>\n\t\t\t<span>Pavle Hegedu\u0161. Baranja, Kopa\u010dki rit 05; ulje na platnu, 70 x 50 cm, 2013. Pavle Hegedu\u0161. Baranja, Kopa\u010dki rit Nature Park 05; oil on canvas, 70 x 50 cm, 2013<\/span>\n\t\t<\/div>\n\t<\/div>\n\t\t \t\t\n\t<div id=\"ngg-image-74\" class=\"ngg-gallery-thumbnail-box\"  >\n\t\t<div class=\"ngg-gallery-thumbnail\" >\n\t\t\t<a href=\"http:\/\/pavle-hegedus.from.hr\/wp-content\/uploads\/sites\/976\/nggallery\/blic\/052_bb.jpg\"\n               title=\"Pavle Hegedu\u0161. Baranja, Kopa\u010dki rit 03; 50 x 40 cm, ulje na platnu, 2016. Pavle Hegedu\u0161. Baranja, Kopa\u010dki rit Nature Park 03; 50 x 40 cm, oil on canvas, 2016\"\n               class=\"ngg-fancybox\" rel=\"24b27beef2b6f8946740541c605a21d7\" data-image-id=\"74\" data-src=\"http:\/\/pavle-hegedus.from.hr\/wp-content\/uploads\/sites\/976\/nggallery\/blic\/052_bb.jpg\" data-thumbnail=\"http:\/\/pavle-hegedus.from.hr\/wp-content\/uploads\/sites\/976\/nggallery\/blic\/thumbs\/thumbs_052_bb.jpg\" data-title=\"052_bb\" data-description=\"Pavle Hegedu\u0161. Baranja, Kopa\u010dki rit 03; 50 x 40 cm, ulje na platnu, 2016. Pavle Hegedu\u0161. Baranja, Kopa\u010dki rit Nature Park 03; 50 x 40 cm, oil on canvas, 2016\" >\n\t\t\t\t\t\t\t\t<img title=\"052_bb\" alt=\"052_bb\" src=\"http:\/\/pavle-hegedus.from.hr\/wp-content\/uploads\/sites\/976\/nggallery\/blic\/thumbs\/thumbs_052_bb.jpg\" width='240' height='160' \/>\n\t\t\t\t\t\t\t<\/a>\n\t\t\t<span>Pavle Hegedu\u0161. Baranja, Kopa\u010dki rit 03; 50 x 40 cm, ulje na platnu, 2016. Pavle Hegedu\u0161. Baranja, Kopa\u010dki rit Nature Park 03; 50 x 40 cm, oil on canvas, 2016<\/span>\n\t\t<\/div>\n\t<\/div>\n\t\t \t\t\n\t<div id=\"ngg-image-77\" class=\"ngg-gallery-thumbnail-box\"  >\n\t\t<div class=\"ngg-gallery-thumbnail\" >\n\t\t\t<a href=\"http:\/\/pavle-hegedus.from.hr\/wp-content\/uploads\/sites\/976\/nggallery\/blic\/003_bb.jpg\"\n               title=\"Pavle Hegedu\u0161. Baranja, Kopa\u010dki rit 06; ulje na platnu, 60 x 50 cm, 2016. Pavle Hegedu\u0161. Baranja, Kopa\u010dki rit Nature Park 06; oil on canvas, 60 x 50 cm, 2016\"\n               class=\"ngg-fancybox\" rel=\"24b27beef2b6f8946740541c605a21d7\" data-image-id=\"77\" data-src=\"http:\/\/pavle-hegedus.from.hr\/wp-content\/uploads\/sites\/976\/nggallery\/blic\/003_bb.jpg\" data-thumbnail=\"http:\/\/pavle-hegedus.from.hr\/wp-content\/uploads\/sites\/976\/nggallery\/blic\/thumbs\/thumbs_003_bb.jpg\" data-title=\"003_bb\" data-description=\"Pavle Hegedu\u0161. Baranja, Kopa\u010dki rit 06; ulje na platnu, 60 x 50 cm, 2016. Pavle Hegedu\u0161. Baranja, Kopa\u010dki rit Nature Park 06; oil on canvas, 60 x 50 cm, 2016\" >\n\t\t\t\t\t\t\t\t<img title=\"003_bb\" alt=\"003_bb\" src=\"http:\/\/pavle-hegedus.from.hr\/wp-content\/uploads\/sites\/976\/nggallery\/blic\/thumbs\/thumbs_003_bb.jpg\" width='240' height='160' \/>\n\t\t\t\t\t\t\t<\/a>\n\t\t\t<span>Pavle Hegedu\u0161. Baranja, Kopa\u010dki rit 06; ulje na platnu, 60 x 50 cm, 2016. Pavle Hegedu\u0161. Baranja, Kopa\u010dki rit Nature Park 06; oil on canvas, 60 x 50 cm, 2016<\/span>\n\t\t<\/div>\n\t<\/div>\n\t\t \t\t\n\t<div id=\"ngg-image-81\" class=\"ngg-gallery-thumbnail-box\"  >\n\t\t<div class=\"ngg-gallery-thumbnail\" >\n\t\t\t<a href=\"http:\/\/pavle-hegedus.from.hr\/wp-content\/uploads\/sites\/976\/nggallery\/blic\/019_abb.jpg\"\n               title=\"Pavle Hegedu\u0161. Baranja, Kopa\u010dki rit 10; ulje na platnu, 60 x 50 cm, 2016. Pavle Hegedu\u0161. Baranja, Kopa\u010dki rit Nature Park 10; oil on canvas, 60 x 50 cm, 2016\"\n               class=\"ngg-fancybox\" rel=\"24b27beef2b6f8946740541c605a21d7\" data-image-id=\"81\" data-src=\"http:\/\/pavle-hegedus.from.hr\/wp-content\/uploads\/sites\/976\/nggallery\/blic\/019_abb.jpg\" data-thumbnail=\"http:\/\/pavle-hegedus.from.hr\/wp-content\/uploads\/sites\/976\/nggallery\/blic\/thumbs\/thumbs_019_abb.jpg\" data-title=\"019_abb\" data-description=\"Pavle Hegedu\u0161. Baranja, Kopa\u010dki rit 10; ulje na platnu, 60 x 50 cm, 2016. Pavle Hegedu\u0161. Baranja, Kopa\u010dki rit Nature Park 10; oil on canvas, 60 x 50 cm, 2016\" >\n\t\t\t\t\t\t\t\t<img title=\"019_abb\" alt=\"019_abb\" src=\"http:\/\/pavle-hegedus.from.hr\/wp-content\/uploads\/sites\/976\/nggallery\/blic\/thumbs\/thumbs_019_abb.jpg\" width='240' height='160' \/>\n\t\t\t\t\t\t\t<\/a>\n\t\t\t<span>Pavle Hegedu\u0161. Baranja, Kopa\u010dki rit 10; ulje na platnu, 60 x 50 cm, 2016. Pavle Hegedu\u0161. Baranja, Kopa\u010dki rit Nature Park 10; oil on canvas, 60 x 50 cm, 2016<\/span>\n\t\t<\/div>\n\t<\/div>\n\t\t \t\t\n\t<div id=\"ngg-image-128\" class=\"ngg-gallery-thumbnail-box\"  >\n\t\t<div class=\"ngg-gallery-thumbnail\" >\n\t\t\t<a href=\"http:\/\/pavle-hegedus.from.hr\/wp-content\/uploads\/sites\/976\/nggallery\/blic\/IMG_4943ab.jpg\"\n               title=\"Pavle Hegedu\u0161. Baranja \u2013 Kopa\u010dki rit 12; ulje na platnu, 30 x 24 cm, 2016. Pavle Hegedu\u0161. Baranja \u2013 Kopa\u010dki Nature Park 12; oil on canvas, 30 x 24 cm, 2013\"\n               class=\"ngg-fancybox\" rel=\"24b27beef2b6f8946740541c605a21d7\" data-image-id=\"128\" data-src=\"http:\/\/pavle-hegedus.from.hr\/wp-content\/uploads\/sites\/976\/nggallery\/blic\/IMG_4943ab.jpg\" data-thumbnail=\"http:\/\/pavle-hegedus.from.hr\/wp-content\/uploads\/sites\/976\/nggallery\/blic\/thumbs\/thumbs_IMG_4943ab.jpg\" data-title=\"IMG_4943ab\" data-description=\"Pavle Hegedu\u0161. Baranja \u2013 Kopa\u010dki rit 12; ulje na platnu, 30 x 24 cm, 2016. Pavle Hegedu\u0161. Baranja \u2013 Kopa\u010dki Nature Park 12; oil on canvas, 30 x 24 cm, 2013\" >\n\t\t\t\t\t\t\t\t<img title=\"IMG_4943ab\" alt=\"IMG_4943ab\" src=\"http:\/\/pavle-hegedus.from.hr\/wp-content\/uploads\/sites\/976\/nggallery\/blic\/thumbs\/thumbs_IMG_4943ab.jpg\" width='240' height='160' \/>\n\t\t\t\t\t\t\t<\/a>\n\t\t\t<span>Pavle Hegedu\u0161. Baranja \u2013 Kopa\u010dki rit 12; ulje na platnu, 30 x 24 cm, 2016. Pavle Hegedu\u0161. Baranja \u2013 Kopa\u010dki Nature Park 12; oil on canvas, 30 x 24 cm, 2013<\/span>\n\t\t<\/div>\n\t<\/div>\n\t\t \t\t\n\t<div id=\"ngg-image-129\" class=\"ngg-gallery-thumbnail-box\"  >\n\t\t<div class=\"ngg-gallery-thumbnail\" >\n\t\t\t<a href=\"http:\/\/pavle-hegedus.from.hr\/wp-content\/uploads\/sites\/976\/nggallery\/blic\/IMG_4945ab.jpg\"\n               title=\"Pavle Hegedu\u0161. Baranja \u2013 Kopa\u010dki rit 13; ulje na platnu, 30 x 24 cm, 2013. Pavle Hegedu\u0161. Baranja \u2013 Kopa\u010dki rit Nature Park 13; oil on canvas, 30 x 24 cm, 2013\"\n               class=\"ngg-fancybox\" rel=\"24b27beef2b6f8946740541c605a21d7\" data-image-id=\"129\" data-src=\"http:\/\/pavle-hegedus.from.hr\/wp-content\/uploads\/sites\/976\/nggallery\/blic\/IMG_4945ab.jpg\" data-thumbnail=\"http:\/\/pavle-hegedus.from.hr\/wp-content\/uploads\/sites\/976\/nggallery\/blic\/thumbs\/thumbs_IMG_4945ab.jpg\" data-title=\"IMG_4945ab\" data-description=\"Pavle Hegedu\u0161. Baranja \u2013 Kopa\u010dki rit 13; ulje na platnu, 30 x 24 cm, 2013. Pavle Hegedu\u0161. Baranja \u2013 Kopa\u010dki rit Nature Park 13; oil on canvas, 30 x 24 cm, 2013\" >\n\t\t\t\t\t\t\t\t<img title=\"IMG_4945ab\" alt=\"IMG_4945ab\" src=\"http:\/\/pavle-hegedus.from.hr\/wp-content\/uploads\/sites\/976\/nggallery\/blic\/thumbs\/thumbs_IMG_4945ab.jpg\" width='240' height='160' \/>\n\t\t\t\t\t\t\t<\/a>\n\t\t\t<span>Pavle Hegedu\u0161. Baranja \u2013 Kopa\u010dki rit 13; ulje na platnu, 30 x 24 cm, 2013. Pavle Hegedu\u0161. Baranja \u2013 Kopa\u010dki rit Nature Park 13; oil on canvas, 30 x 24 cm, 2013<\/span>\n\t\t<\/div>\n\t<\/div>\n\t\t \t\t\n\t<div id=\"ngg-image-130\" class=\"ngg-gallery-thumbnail-box\"  >\n\t\t<div class=\"ngg-gallery-thumbnail\" >\n\t\t\t<a href=\"http:\/\/pavle-hegedus.from.hr\/wp-content\/uploads\/sites\/976\/nggallery\/blic\/IMG_4946ab.jpg\"\n               title=\"Pavle Hegedu\u0161. Baranja \u2013 Kopa\u010dki rit 14; ulje na platnu, 30 x 24 cm, 2013 Pavle Hegedu\u0161. Baranja \u2013 Kopa\u010dki rit Nature Park 14; oil on canvas, 30 x 24 cm, 2013\"\n               class=\"ngg-fancybox\" rel=\"24b27beef2b6f8946740541c605a21d7\" data-image-id=\"130\" data-src=\"http:\/\/pavle-hegedus.from.hr\/wp-content\/uploads\/sites\/976\/nggallery\/blic\/IMG_4946ab.jpg\" data-thumbnail=\"http:\/\/pavle-hegedus.from.hr\/wp-content\/uploads\/sites\/976\/nggallery\/blic\/thumbs\/thumbs_IMG_4946ab.jpg\" data-title=\"IMG_4946ab\" data-description=\"Pavle Hegedu\u0161. Baranja \u2013 Kopa\u010dki rit 14; ulje na platnu, 30 x 24 cm, 2013 Pavle Hegedu\u0161. Baranja \u2013 Kopa\u010dki rit Nature Park 14; oil on canvas, 30 x 24 cm, 2013\" >\n\t\t\t\t\t\t\t\t<img title=\"IMG_4946ab\" alt=\"IMG_4946ab\" src=\"http:\/\/pavle-hegedus.from.hr\/wp-content\/uploads\/sites\/976\/nggallery\/blic\/thumbs\/thumbs_IMG_4946ab.jpg\" width='240' height='160' \/>\n\t\t\t\t\t\t\t<\/a>\n\t\t\t<span>Pavle Hegedu\u0161. Baranja \u2013 Kopa\u010dki rit 14; ulje na platnu, 30 x 24 cm, 2013 Pavle Hegedu\u0161. Baranja \u2013 Kopa\u010dki rit Nature Park 14; oil on canvas, 30 x 24 cm, 2013<\/span>\n\t\t<\/div>\n\t<\/div>\n\t\t \t\t\n\t<div id=\"ngg-image-83\" class=\"ngg-gallery-thumbnail-box\"  >\n\t\t<div class=\"ngg-gallery-thumbnail\" >\n\t\t\t<a href=\"http:\/\/pavle-hegedus.from.hr\/wp-content\/uploads\/sites\/976\/nggallery\/blic\/033_bb.jpg\"\n               title=\"Pavle Hegedu\u0161. Baranja 01; ulje na platnu, 30 x 20 cm, 2016. Pavle Hegedu\u0161. Baranja 01; oil on canvas, 30 x 20 cm, 2016\"\n               class=\"ngg-fancybox\" rel=\"24b27beef2b6f8946740541c605a21d7\" data-image-id=\"83\" data-src=\"http:\/\/pavle-hegedus.from.hr\/wp-content\/uploads\/sites\/976\/nggallery\/blic\/033_bb.jpg\" data-thumbnail=\"http:\/\/pavle-hegedus.from.hr\/wp-content\/uploads\/sites\/976\/nggallery\/blic\/thumbs\/thumbs_033_bb.jpg\" data-title=\"033_bb\" data-description=\"Pavle Hegedu\u0161. Baranja 01; ulje na platnu, 30 x 20 cm, 2016. Pavle Hegedu\u0161. Baranja 01; oil on canvas, 30 x 20 cm, 2016\" >\n\t\t\t\t\t\t\t\t<img title=\"033_bb\" alt=\"033_bb\" src=\"http:\/\/pavle-hegedus.from.hr\/wp-content\/uploads\/sites\/976\/nggallery\/blic\/thumbs\/thumbs_033_bb.jpg\" width='240' height='160' \/>\n\t\t\t\t\t\t\t<\/a>\n\t\t\t<span>Pavle Hegedu\u0161. Baranja 01; ulje na platnu, 30 x 20 cm, 2016. Pavle Hegedu\u0161. Baranja 01; oil on canvas, 30 x 20 cm, 2016<\/span>\n\t\t<\/div>\n\t<\/div>\n\t\t \t \t\n\t<!-- Pagination -->\n \t<div class='ngg-clear'><\/div> \t\n<\/div>\n\n\n","protected":false},"excerpt":{"rendered":"","protected":false},"author":948,"featured_media":0,"parent":0,"menu_order":0,"comment_status":"closed","ping_status":"closed","template":"","meta":{"ngg_post_thumbnail":0},"yoast_head":"<!-- This site is optimized with the Yoast SEO plugin v17.5 - https:\/\/yoast.com\/wordpress\/plugins\/seo\/ -->\n<meta name=\"robots\" content=\"index, follow, max-snippet:-1, max-image-preview:large, max-video-preview:-1\" \/>\n<link rel=\"canonical\" href=\"http:\/\/pavle-hegedus.from.hr\/?page_id=811\" \/>\n<meta property=\"og:locale\" content=\"hr_HR\" \/>\n<meta property=\"og:type\" content=\"article\" \/>\n<meta property=\"og:title\" content=\"Krajolici \/ Landscapes - Pavle Hegedu\u0161\" \/>\n<meta property=\"og:url\" content=\"http:\/\/pavle-hegedus.from.hr\/?page_id=811\" \/>\n<meta property=\"og:site_name\" content=\"Pavle Hegedu\u0161\" \/>\n<meta property=\"article:publisher\" content=\"https:\/\/www.facebook.com\/pavle.hegedus.90\" \/>\n<meta property=\"article:modified_time\" content=\"2019-06-23T12:16:06+00:00\" \/>\n<meta name=\"twitter:card\" content=\"summary\" \/>\n<script type=\"application\/ld+json\" class=\"yoast-schema-graph\">{\"@context\":\"https:\/\/schema.org\",\"@graph\":[{\"@type\":\"WebSite\",\"@id\":\"http:\/\/pavle-hegedus.from.hr\/#website\",\"url\":\"http:\/\/pavle-hegedus.from.hr\/\",\"name\":\"Pavle Hegedu\\u0161\",\"description\":\"Art website gallery\",\"potentialAction\":[{\"@type\":\"SearchAction\",\"target\":{\"@type\":\"EntryPoint\",\"urlTemplate\":\"http:\/\/pavle-hegedus.from.hr\/?s={search_term_string}\"},\"query-input\":\"required name=search_term_string\"}],\"inLanguage\":\"hr\"},{\"@type\":\"WebPage\",\"@id\":\"http:\/\/pavle-hegedus.from.hr\/?page_id=811#webpage\",\"url\":\"http:\/\/pavle-hegedus.from.hr\/?page_id=811\",\"name\":\"Krajolici \/ Landscapes - Pavle Hegedu\\u0161\",\"isPartOf\":{\"@id\":\"http:\/\/pavle-hegedus.from.hr\/#website\"},\"datePublished\":\"2016-06-25T17:15:08+00:00\",\"dateModified\":\"2019-06-23T12:16:06+00:00\",\"breadcrumb\":{\"@id\":\"http:\/\/pavle-hegedus.from.hr\/?page_id=811#breadcrumb\"},\"inLanguage\":\"hr\",\"potentialAction\":[{\"@type\":\"ReadAction\",\"target\":[\"http:\/\/pavle-hegedus.from.hr\/?page_id=811\"]}]},{\"@type\":\"BreadcrumbList\",\"@id\":\"http:\/\/pavle-hegedus.from.hr\/?page_id=811#breadcrumb\",\"itemListElement\":[{\"@type\":\"ListItem\",\"position\":1,\"name\":\"Home\",\"item\":\"http:\/\/pavle-hegedus.from.hr\/\"},{\"@type\":\"ListItem\",\"position\":2,\"name\":\"Krajolici \/ Landscapes\"}]}]}<\/script>\n<!-- \/ Yoast SEO plugin. -->","yoast_head_json":{"robots":{"index":"index","follow":"follow","max-snippet":"max-snippet:-1","max-image-preview":"max-image-preview:large","max-video-preview":"max-video-preview:-1"},"canonical":"http:\/\/pavle-hegedus.from.hr\/?page_id=811","og_locale":"hr_HR","og_type":"article","og_title":"Krajolici \/ Landscapes - Pavle Hegedu\u0161","og_url":"http:\/\/pavle-hegedus.from.hr\/?page_id=811","og_site_name":"Pavle Hegedu\u0161","article_publisher":"https:\/\/www.facebook.com\/pavle.hegedus.90","article_modified_time":"2019-06-23T12:16:06+00:00","twitter_card":"summary","schema":{"@context":"https:\/\/schema.org","@graph":[{"@type":"WebSite","@id":"http:\/\/pavle-hegedus.from.hr\/#website","url":"http:\/\/pavle-hegedus.from.hr\/","name":"Pavle Hegedu\u0161","description":"Art website gallery","potentialAction":[{"@type":"SearchAction","target":{"@type":"EntryPoint","urlTemplate":"http:\/\/pavle-hegedus.from.hr\/?s={search_term_string}"},"query-input":"required name=search_term_string"}],"inLanguage":"hr"},{"@type":"WebPage","@id":"http:\/\/pavle-hegedus.from.hr\/?page_id=811#webpage","url":"http:\/\/pavle-hegedus.from.hr\/?page_id=811","name":"Krajolici \/ Landscapes - Pavle Hegedu\u0161","isPartOf":{"@id":"http:\/\/pavle-hegedus.from.hr\/#website"},"datePublished":"2016-06-25T17:15:08+00:00","dateModified":"2019-06-23T12:16:06+00:00","breadcrumb":{"@id":"http:\/\/pavle-hegedus.from.hr\/?page_id=811#breadcrumb"},"inLanguage":"hr","potentialAction":[{"@type":"ReadAction","target":["http:\/\/pavle-hegedus.from.hr\/?page_id=811"]}]},{"@type":"BreadcrumbList","@id":"http:\/\/pavle-hegedus.from.hr\/?page_id=811#breadcrumb","itemListElement":[{"@type":"ListItem","position":1,"name":"Home","item":"http:\/\/pavle-hegedus.from.hr\/"},{"@type":"ListItem","position":2,"name":"Krajolici \/ Landscapes"}]}]}},"_links":{"self":[{"href":"http:\/\/pavle-hegedus.from.hr\/index.php?rest_route=\/wp\/v2\/pages\/811"}],"collection":[{"href":"http:\/\/pavle-hegedus.from.hr\/index.php?rest_route=\/wp\/v2\/pages"}],"about":[{"href":"http:\/\/pavle-hegedus.from.hr\/index.php?rest_route=\/wp\/v2\/types\/page"}],"author":[{"embeddable":true,"href":"http:\/\/pavle-hegedus.from.hr\/index.php?rest_route=\/wp\/v2\/users\/948"}],"replies":[{"embeddable":true,"href":"http:\/\/pavle-hegedus.from.hr\/index.php?rest_route=%2Fwp%2Fv2%2Fcomments&post=811"}],"version-history":[{"count":5,"href":"http:\/\/pavle-hegedus.from.hr\/index.php?rest_route=\/wp\/v2\/pages\/811\/revisions"}],"predecessor-version":[{"id":936,"href":"http:\/\/pavle-hegedus.from.hr\/index.php?rest_route=\/wp\/v2\/pages\/811\/revisions\/936"}],"wp:attachment":[{"href":"http:\/\/pavle-hegedus.from.hr\/index.php?rest_route=%2Fwp%2Fv2%2Fmedia&parent=811"}],"curies":[{"name":"wp","href":"https:\/\/api.w.org\/{rel}","templated":true}]}}