{"id":463,"date":"2016-05-29T19:56:53","date_gmt":"2016-05-29T17:56:53","guid":{"rendered":"http:\/\/from.hr\/pavle-hegedus\/?page_id=463"},"modified":"2019-06-25T20:42:23","modified_gmt":"2019-06-25T18:42:23","slug":"o-autoru-author","status":"publish","type":"page","link":"http:\/\/pavle-hegedus.from.hr\/","title":{"rendered":"O autoru \/ About the author"},"content":{"rendered":"<p style=\"margin-bottom: 19.5pt\"><span style=\"font-size: 11.5pt;font-family: 'Helvetica',sans-serif;color: #333333\">Pavle Hegedu\u0161 je ro\u0111en 1949. godine u Osijeku. Na Akademiji likovnih umjetnosti, Odsjek grafike, diplomirao je u Zagrebu u klasi profesora Ante Kuduza 1978. godine.<br \/>\nPored slikarstva i grafike intenzivno se bavi vizualnim komunikacijama &#8211; grafi\u010dkim i web-dizajnom, te refleksijama s podru\u010dja teorije oblikovanja.&nbsp;\u010clan je HDLU-a i ULUPUH-a.&nbsp;Atelijer: Osijek, \u0160. Petefija 41.&nbsp;Tel: 031\/302-279<br \/>\nE-mail:&nbsp;pavle.hegedus@gmail.com<\/span><\/p>\n<p style=\"text-align: left\">Pavle Hegedu\u0161 was born in 1949 in Osijek, Croatia. In the year 1978 he graduated from the Department of Graphic Arts of the Academy of Fine Arts in Zagreb, in the class of Professor Ante Kuduz.<br \/>\nAlong with painting and graphic art, he is intensively engaged in visual communications &#8211; graphic and webdesign, and reflections from the field of art theory. Member of HDLU and ULUPUH. Atelier: Croatia, Osijek, \u0160. Petefija 41. Phone: +385 31\/302-279<br \/>\nE-mail: pavle.hegedus@gmail.com<\/p>\n<p><img loading=\"lazy\" class=\"aligncenter size-medium wp-image-748\" src=\"http:\/\/pavle-hegedus.from.hr\/files\/2016\/06\/031_a-4_bb-300x298.jpg\" alt=\"\" width=\"300\" height=\"298\" srcset=\"http:\/\/pavle-hegedus.from.hr\/files\/2016\/06\/031_a-4_bb-300x298.jpg 300w, http:\/\/pavle-hegedus.from.hr\/files\/2016\/06\/031_a-4_bb-150x150.jpg 150w, http:\/\/pavle-hegedus.from.hr\/files\/2016\/06\/031_a-4_bb-302x300.jpg 302w, http:\/\/pavle-hegedus.from.hr\/files\/2016\/06\/031_a-4_bb.jpg 700w\" sizes=\"(max-width: 300px) 100vw, 300px\" \/><\/p>\n<p>Pavle Hegedu\u0161. Autoportret sa trskom; ulje na platnu, 30 x 30 cm, 2012.,<br \/>\n<span style=\"font-size: 11.5pt;font-family: 'Helvetica',sans-serif;color: #333333\">Pavle Hegedu\u0161. Self-portrait with reed; oil on canvas, 30 x 30 cm, 2012<\/span><\/p>\n<p style=\"margin-bottom: 19.5pt\"><strong><span style=\"font-size: 11.5pt;font-family: 'Helvetica',sans-serif;color: #333333\">SLIKA POSLIJE SLIKE&#8230;<\/span><\/strong><span style=\"font-size: 11.5pt;font-family: 'Helvetica',sans-serif;color: #333333\"><br \/>\nNa kraju, mislim da je zaklju\u010dak vrlo jasan, kako i sam naslov izlo\u017ebe tuma\u010di \u00abslika poslije slike\u00bb, Hegedu\u0161 je sebi i nama vrlo jasno i precizno razlo\u017eio si\u017ee svog \u017eivotnog slikarskog ideala, znak je po\u010detak i kraj slike (slika prati oblik i zna\u010denje znaka).<br \/>\n<em><span style=\"font-family: 'Helvetica',sans-serif\">Vlastimir Kusik; Slika poslije slike; katalog izlo\u017ebe: Galerija likovnih umjetnosti Osijek, rujan &#8211; listopda 2005.<\/span><\/em><\/span><\/p>\n<p style=\"margin-bottom: 19.5pt\"><strong><span style=\"font-size: 11.5pt;font-family: 'Helvetica',sans-serif;color: #333333\">IMAGE AFTER IMAGE&#8230;<\/span><\/strong><span style=\"font-size: 11.5pt;font-family: 'Helvetica',sans-serif;color: #333333\"><br \/>\nIn the end, I think that the conclusion is very clear, same as the title of the exhibition itself interprets &#8220;image after image&#8221;, Hegedu\u0161 has both to us and to himself expounded the subject-matter of his life&#8217;s painting ideal, the logo is the beginning and the end of the painting (the painting follows the form and the meaning of the logo).<br \/>\n<em><span style=\"font-family: 'Helvetica',sans-serif\">Vlastimir Kusik; Image after image; catalogue of the exhibition: The Fine Art Gallery Osijek, September &#8211; October, 2005<\/span><\/em><\/span><\/p>\n<p style=\"margin-bottom: 19.5pt\"><strong>*&nbsp;Ponude za slike slati u Facebook Inbox ili autorov email.<br \/>\n* Send images bid to Facebook Inbox or author\u2019s email.<br \/>\n<\/strong><\/p>\n<p style=\"margin-bottom: 19.5pt\">&nbsp;<\/p>\n","protected":false},"excerpt":{"rendered":"<p>Pavle Hegedu\u0161 je ro\u0111en 1949. godine u Osijeku. Na Akademiji likovnih umjetnosti, Odsjek grafike, diplomirao je u Zagrebu u klasi profesora Ante Kuduza 1978. godine. Pored slikarstva i grafike intenzivno se bavi vizualnim komunikacijama &#8211; grafi\u010dkim i web-dizajnom, te refleksijama &hellip; <a href=\"http:\/\/pavle-hegedus.from.hr\/\">Nastavi \u010ditati <span class=\"meta-nav\">&rarr;<\/span><\/a><\/p>\n","protected":false},"author":948,"featured_media":0,"parent":0,"menu_order":0,"comment_status":"closed","ping_status":"closed","template":"","meta":{"ngg_post_thumbnail":0},"yoast_head":"<!-- This site is optimized with the Yoast SEO plugin v17.5 - https:\/\/yoast.com\/wordpress\/plugins\/seo\/ -->\n<meta name=\"description\" content=\"Personal site with original paintings and multimedia experimental communication \/ pavle hegedus timeless tranquility landscape apple cathedrals homage to\" \/>\n<meta name=\"robots\" content=\"index, follow, max-snippet:-1, max-image-preview:large, max-video-preview:-1\" \/>\n<link rel=\"canonical\" href=\"http:\/\/pavle-hegedus.from.hr\/\" \/>\n<meta property=\"og:locale\" content=\"hr_HR\" \/>\n<meta property=\"og:type\" content=\"article\" \/>\n<meta property=\"og:title\" content=\"Pavle Hegedus - online paintings gallery and visual art\" \/>\n<meta property=\"og:description\" content=\"Personal site with original paintings and multimedia experimental communication \/ pavle hegedus timeless tranquility landscape apple cathedrals homage to\" \/>\n<meta property=\"og:url\" content=\"http:\/\/pavle-hegedus.from.hr\/\" \/>\n<meta property=\"og:site_name\" content=\"Pavle Hegedu\u0161\" \/>\n<meta property=\"article:publisher\" content=\"https:\/\/www.facebook.com\/pavle.hegedus.90\" \/>\n<meta property=\"article:modified_time\" content=\"2019-06-25T18:42:23+00:00\" \/>\n<meta property=\"og:image\" content=\"http:\/\/from.hr\/pavle-hegedus\/files\/2016\/06\/031_a-4_bb-300x298.jpg\" \/>\n<meta name=\"twitter:card\" content=\"summary\" \/>\n<meta name=\"twitter:label1\" content=\"Procijenjeno vrijeme \u010ditanja\" \/>\n\t<meta name=\"twitter:data1\" content=\"2 minute\" \/>\n<script type=\"application\/ld+json\" class=\"yoast-schema-graph\">{\"@context\":\"https:\/\/schema.org\",\"@graph\":[{\"@type\":\"WebSite\",\"@id\":\"http:\/\/pavle-hegedus.from.hr\/#website\",\"url\":\"http:\/\/pavle-hegedus.from.hr\/\",\"name\":\"Pavle Hegedu\\u0161\",\"description\":\"Art website gallery\",\"potentialAction\":[{\"@type\":\"SearchAction\",\"target\":{\"@type\":\"EntryPoint\",\"urlTemplate\":\"http:\/\/pavle-hegedus.from.hr\/?s={search_term_string}\"},\"query-input\":\"required name=search_term_string\"}],\"inLanguage\":\"hr\"},{\"@type\":\"ImageObject\",\"@id\":\"http:\/\/pavle-hegedus.from.hr\/#primaryimage\",\"inLanguage\":\"hr\",\"url\":\"http:\/\/from.hr\/pavle-hegedus\/files\/2016\/06\/031_a-4_bb-300x298.jpg\",\"contentUrl\":\"http:\/\/from.hr\/pavle-hegedus\/files\/2016\/06\/031_a-4_bb-300x298.jpg\"},{\"@type\":\"WebPage\",\"@id\":\"http:\/\/pavle-hegedus.from.hr\/#webpage\",\"url\":\"http:\/\/pavle-hegedus.from.hr\/\",\"name\":\"Pavle Hegedus - online paintings gallery and visual art\",\"isPartOf\":{\"@id\":\"http:\/\/pavle-hegedus.from.hr\/#website\"},\"primaryImageOfPage\":{\"@id\":\"http:\/\/pavle-hegedus.from.hr\/#primaryimage\"},\"datePublished\":\"2016-05-29T17:56:53+00:00\",\"dateModified\":\"2019-06-25T18:42:23+00:00\",\"description\":\"Personal site with original paintings and multimedia experimental communication \/ pavle hegedus timeless tranquility landscape apple cathedrals homage to\",\"breadcrumb\":{\"@id\":\"http:\/\/pavle-hegedus.from.hr\/#breadcrumb\"},\"inLanguage\":\"hr\",\"potentialAction\":[{\"@type\":\"ReadAction\",\"target\":[\"http:\/\/pavle-hegedus.from.hr\/\"]}]},{\"@type\":\"BreadcrumbList\",\"@id\":\"http:\/\/pavle-hegedus.from.hr\/#breadcrumb\",\"itemListElement\":[{\"@type\":\"ListItem\",\"position\":1,\"name\":\"Home\",\"item\":\"http:\/\/pavle-hegedus.from.hr\/\"},{\"@type\":\"ListItem\",\"position\":2,\"name\":\"O autoru \/ About the author\"}]}]}<\/script>\n<!-- \/ Yoast SEO plugin. -->","yoast_head_json":{"description":"Personal site with original paintings and multimedia experimental communication \/ pavle hegedus timeless tranquility landscape apple cathedrals homage to","robots":{"index":"index","follow":"follow","max-snippet":"max-snippet:-1","max-image-preview":"max-image-preview:large","max-video-preview":"max-video-preview:-1"},"canonical":"http:\/\/pavle-hegedus.from.hr\/","og_locale":"hr_HR","og_type":"article","og_title":"Pavle Hegedus - online paintings gallery and visual art","og_description":"Personal site with original paintings and multimedia experimental communication \/ pavle hegedus timeless tranquility landscape apple cathedrals homage to","og_url":"http:\/\/pavle-hegedus.from.hr\/","og_site_name":"Pavle Hegedu\u0161","article_publisher":"https:\/\/www.facebook.com\/pavle.hegedus.90","article_modified_time":"2019-06-25T18:42:23+00:00","og_image":[{"url":"http:\/\/from.hr\/pavle-hegedus\/files\/2016\/06\/031_a-4_bb-300x298.jpg"}],"twitter_card":"summary","twitter_misc":{"Procijenjeno vrijeme \u010ditanja":"2 minute"},"schema":{"@context":"https:\/\/schema.org","@graph":[{"@type":"WebSite","@id":"http:\/\/pavle-hegedus.from.hr\/#website","url":"http:\/\/pavle-hegedus.from.hr\/","name":"Pavle Hegedu\u0161","description":"Art website gallery","potentialAction":[{"@type":"SearchAction","target":{"@type":"EntryPoint","urlTemplate":"http:\/\/pavle-hegedus.from.hr\/?s={search_term_string}"},"query-input":"required name=search_term_string"}],"inLanguage":"hr"},{"@type":"ImageObject","@id":"http:\/\/pavle-hegedus.from.hr\/#primaryimage","inLanguage":"hr","url":"http:\/\/from.hr\/pavle-hegedus\/files\/2016\/06\/031_a-4_bb-300x298.jpg","contentUrl":"http:\/\/from.hr\/pavle-hegedus\/files\/2016\/06\/031_a-4_bb-300x298.jpg"},{"@type":"WebPage","@id":"http:\/\/pavle-hegedus.from.hr\/#webpage","url":"http:\/\/pavle-hegedus.from.hr\/","name":"Pavle Hegedus - online paintings gallery and visual art","isPartOf":{"@id":"http:\/\/pavle-hegedus.from.hr\/#website"},"primaryImageOfPage":{"@id":"http:\/\/pavle-hegedus.from.hr\/#primaryimage"},"datePublished":"2016-05-29T17:56:53+00:00","dateModified":"2019-06-25T18:42:23+00:00","description":"Personal site with original paintings and multimedia experimental communication \/ pavle hegedus timeless tranquility landscape apple cathedrals homage to","breadcrumb":{"@id":"http:\/\/pavle-hegedus.from.hr\/#breadcrumb"},"inLanguage":"hr","potentialAction":[{"@type":"ReadAction","target":["http:\/\/pavle-hegedus.from.hr\/"]}]},{"@type":"BreadcrumbList","@id":"http:\/\/pavle-hegedus.from.hr\/#breadcrumb","itemListElement":[{"@type":"ListItem","position":1,"name":"Home","item":"http:\/\/pavle-hegedus.from.hr\/"},{"@type":"ListItem","position":2,"name":"O autoru \/ About the author"}]}]}},"_links":{"self":[{"href":"http:\/\/pavle-hegedus.from.hr\/index.php?rest_route=\/wp\/v2\/pages\/463"}],"collection":[{"href":"http:\/\/pavle-hegedus.from.hr\/index.php?rest_route=\/wp\/v2\/pages"}],"about":[{"href":"http:\/\/pavle-hegedus.from.hr\/index.php?rest_route=\/wp\/v2\/types\/page"}],"author":[{"embeddable":true,"href":"http:\/\/pavle-hegedus.from.hr\/index.php?rest_route=\/wp\/v2\/users\/948"}],"replies":[{"embeddable":true,"href":"http:\/\/pavle-hegedus.from.hr\/index.php?rest_route=%2Fwp%2Fv2%2Fcomments&post=463"}],"version-history":[{"count":20,"href":"http:\/\/pavle-hegedus.from.hr\/index.php?rest_route=\/wp\/v2\/pages\/463\/revisions"}],"predecessor-version":[{"id":743,"href":"http:\/\/pavle-hegedus.from.hr\/index.php?rest_route=\/wp\/v2\/pages\/463\/revisions\/743"}],"wp:attachment":[{"href":"http:\/\/pavle-hegedus.from.hr\/index.php?rest_route=%2Fwp%2Fv2%2Fmedia&parent=463"}],"curies":[{"name":"wp","href":"https:\/\/api.w.org\/{rel}","templated":true}]}}